{"id":111,"date":"2018-04-12T02:44:42","date_gmt":"2018-04-12T02:44:42","guid":{"rendered":"http:\/\/www.coprisamexico.com\/web\/?page_id=111"},"modified":"2019-01-30T08:24:42","modified_gmt":"2019-01-30T08:24:42","slug":"organicos","status":"publish","type":"page","link":"https:\/\/www.coprisamexico.com\/web\/organicos\/","title":{"rendered":"Org\u00e1nicos"},"content":{"rendered":"<p>[et_pb_section fb_built=\u00bb1&#8243; admin_label=\u00bbHero Section\u00bb _builder_version=\u00bb3.0.106&#8243; background_image=\u00bbhttps:\/\/www.coprisamexico.com\/web\/wp-content\/uploads\/2018\/05\/top.jpg\u00bb custom_margin=\u00bb|||\u00bb custom_padding=\u00bb19.4%||15.4%|\u00bb locked=\u00bboff\u00bb][et_pb_row _builder_version=\u00bb3.0.47&#8243; background_size=\u00bbinitial\u00bb background_position=\u00bbtop_left\u00bb background_repeat=\u00bbrepeat\u00bb][et_pb_column type=\u00bb4_4&#8243; _builder_version=\u00bb3.0.47&#8243; parallax=\u00bboff\u00bb parallax_method=\u00bbon\u00bb][et_pb_text admin_label=\u00bbTitle\u00bb _builder_version=\u00bb3.2.1&#8243; text_font=\u00bbQuattrocento||||||||\u00bb text_font_size=\u00bb22px\u00bb text_line_height=\u00bb2em\u00bb header_font=\u00bbQuattrocento|||on|||||\u00bb header_text_align=\u00bbcenter\u00bb header_font_size=\u00bb70px\u00bb header_font_size_tablet=\u00bb40px\u00bb header_font_size_phone=\u00bb20px\u00bb header_font_size_last_edited=\u00bbon|phone\u00bb header_letter_spacing=\u00bb6px\u00bb header_line_height=\u00bb2em\u00bb text_orientation=\u00bbcenter\u00bb background_layout=\u00bbdark\u00bb max_width=\u00bb800px\u00bb module_alignment=\u00bbcenter\u00bb animation_style=\u00bbslide\u00bb animation_direction=\u00bbtop\u00bb animation_intensity_slide=\u00bb3%\u00bb animation_starting_opacity=\u00bb100%\u00bb]<\/p>\n<h1><strong>Saborizantes<\/strong><br \/>\n<strong> Org\u00e1nicos<\/strong><\/h1>\n<p>[\/et_pb_text][\/et_pb_column][\/et_pb_row][\/et_pb_section][et_pb_section fb_built=\u00bb1&#8243; admin_label=\u00bbAbout Us Section\u00bb _builder_version=\u00bb3.2.1&#8243; background_color_gradient_direction=\u00bb150deg\u00bb background_image=\u00bbhttps:\/\/www.coprisamexico.com\/web\/wp-content\/uploads\/2018\/05\/back_huacal2.jpg\u00bb background_size=\u00bbinitial\u00bb background_position=\u00bbbottom_left\u00bb custom_padding=\u00bb30px||48.2%||false|false\u00bb][et_pb_row custom_padding=\u00bb43px|0px|108px|0px\u00bb _builder_version=\u00bb3.0.106&#8243;][et_pb_column type=\u00bb1_2&#8243; _builder_version=\u00bb3.0.47&#8243; parallax=\u00bboff\u00bb parallax_method=\u00bbon\u00bb][et_pb_text _builder_version=\u00bb3.2.1&#8243; header_font=\u00bbQuattrocento||||||||\u00bb header_font_size=\u00bb24px\u00bb header_font_size_last_edited=\u00bbon|desktop\u00bb header_2_font=\u00bbQuattrocento|700|||||||\u00bb header_2_font_size=\u00bb54px\u00bb header_2_font_size_tablet=\u00bb44px\u00bb header_2_font_size_phone=\u00bb30px\u00bb header_2_font_size_last_edited=\u00bbon|phone\u00bb header_2_line_height=\u00bb2em\u00bb header_3_font=\u00bbQuattrocento||||||||\u00bb header_3_font_size_last_edited=\u00bbon|phone\u00bb]<\/p>\n<h2><strong>Saborizantes Org\u00e1nicos<\/strong><\/h2>\n<p>[\/et_pb_text][\/et_pb_column][et_pb_column type=\u00bb1_4&#8243; _builder_version=\u00bb3.0.47&#8243; parallax=\u00bboff\u00bb parallax_method=\u00bbon\u00bb][et_pb_text _builder_version=\u00bb3.2.1&#8243; text_font=\u00bbQuattrocento||||||||\u00bb text_font_size=\u00bb18px\u00bb text_line_height=\u00bb2.2em\u00bb max_width=\u00bb700px\u00bb module_alignment=\u00bbcenter\u00bb custom_margin=\u00bb||40px|\u00bb animation_style=\u00bbfade\u00bb animation_direction=\u00bbleft\u00bb animation_starting_opacity=\u00bb100%\u00bb locked=\u00bboff\u00bb]<span style=\"color: #333300;\"><strong>Espresso<\/strong><\/span><br \/>\n<span style=\"color: #333300;\"> <strong> Fresa<\/strong><\/span><br \/>\n<span style=\"color: #333300;\"> <strong> Frutas de la pasi\u00f3n<\/strong><\/span><br \/>\n<span style=\"color: #333300;\"> <strong> Frutos rojos<\/strong><\/span><br \/>\n<span style=\"color: #333300;\"> <strong> Ginger<\/strong><\/span><br \/>\n<span style=\"color: #333300;\"> <strong> Guayaba<\/strong><\/span><br \/>\n<span style=\"color: #333300;\"> <strong> Kiwi<\/strong><\/span><br \/>\n<span style=\"color: #333300;\"> <strong> Lima<\/strong><\/span><br \/>\n<span style=\"color: #333300;\"> <strong> Lima-Lim\u00f3n<\/strong><\/span><br \/>\n<span style=\"color: #333300;\"> <strong> Lim\u00f3n<\/strong><\/span><br \/>\n<span style=\"color: #333300;\"> <strong> Lim\u00f3n tipo Eureka<\/strong><\/span><br \/>\n<span style=\"color: #333300;\"> <strong> Mandarina<\/strong><\/span><br \/>\n<span style=\"color: #333300;\"> <strong> Mango<\/strong><\/span><br \/>\n<span style=\"color: #333300;\"> <strong> Mango con durazno<\/strong><\/span><br \/>\n<span style=\"color: #333300;\"> <strong> Mango con fresa<\/strong><\/span><br \/>\n<span style=\"color: #333300;\"> <strong> Manzana<\/strong><\/span><br \/>\n<span style=\"color: #333300;\"> <strong> Manzana Fuji<\/strong><\/span><br \/>\n<span style=\"color: #333300;\"> <strong> Manzana Gala<\/strong><\/span><br \/>\n<span style=\"color: #333300;\"> <strong> Manzana Verde<br \/>\n<\/strong><strong style=\"font-size: 18px;\">Maracuy\u00e1<br \/>\n<\/strong><strong style=\"font-size: 18px;\">Mel\u00f3n<\/strong><\/span><br \/>\n[\/et_pb_text][\/et_pb_column][et_pb_column type=\u00bb1_4&#8243; _builder_version=\u00bb3.0.47&#8243; parallax=\u00bboff\u00bb parallax_method=\u00bbon\u00bb][et_pb_text _builder_version=\u00bb3.2.1&#8243; text_font=\u00bbQuattrocento||||||||\u00bb text_font_size=\u00bb18px\u00bb text_line_height=\u00bb2.2em\u00bb max_width=\u00bb700px\u00bb module_alignment=\u00bbcenter\u00bb custom_margin=\u00bb||40px|\u00bb animation_style=\u00bbfade\u00bb animation_direction=\u00bbleft\u00bb animation_starting_opacity=\u00bb100%\u00bb]<\/p>\n<p><span style=\"color: #333300;\"><strong> Menta<\/strong><\/span><br \/> <span style=\"color: #333300;\"> <strong> Menta con chocolate<\/strong><\/span><br \/> <span style=\"color: #333300;\"> <strong> Mojito<\/strong><\/span><br \/> <span style=\"color: #333300;\"> <strong> Mora<\/strong><\/span><br \/> <span style=\"color: #333300;\"> <strong> Mora Azul<\/strong><\/span><br \/> <span style=\"color: #333300;\"> <strong> Mora con lim\u00f3n<\/strong><\/span><br \/> <span style=\"color: #333300;\"> <strong> Naranja<\/strong><\/span><br \/> <span style=\"color: #333300;\"> <strong> Naranja con pi\u00f1a<\/strong><\/span><br \/> <span style=\"color: #333300;\"> <strong> Papaya<\/strong><\/span><br \/> <span style=\"color: #333300;\"> <strong> Pepino<\/strong><\/span><br \/> <span style=\"color: #333300;\"> <strong> Pera<\/strong><\/span><br \/> <span style=\"color: #333300;\"> <strong> Pi\u00f1a<\/strong><\/span><br \/> <span style=\"color: #333300;\"> <strong> Pl\u00e1tano<\/strong><\/span><br \/> <span style=\"color: #333300;\"> <strong> Ponche de frutas<\/strong><\/span><br \/> <span style=\"color: #333300;\"> <strong> Sand\u00eda<\/strong><\/span><br \/> <span style=\"color: #333300;\"> <strong> Tangerina<\/strong><\/span><br \/> <span style=\"color: #333300;\"> <strong> Tomate<\/strong><\/span><br \/> <span style=\"color: #333300;\"> <strong> Toronja<\/strong><\/span><br \/> <span style=\"color: #333300;\"> <strong> Tropical<\/strong><\/span><br \/> <span style=\"color: #333300;\"> <strong> Uva<\/strong><\/span><br \/> <span style=\"color: #333300;\"> <strong> Zarzamora<br \/>Entre Otros&#8230;<\/strong><\/span><\/p>\n<p>[\/et_pb_text][\/et_pb_column][\/et_pb_row][\/et_pb_section][et_pb_section fb_built=\u00bb1&#8243; _builder_version=\u00bb3.2.1&#8243; background_image=\u00bbhttps:\/\/www.coprisamexico.com\/web\/wp-content\/uploads\/2018\/05\/canasta.jpg\u00bb background_position=\u00bbtop_center\u00bb background_blend=\u00bbmultiply\u00bb custom_padding=\u00bb31%|0px|206px|0px\u00bb][et_pb_row _builder_version=\u00bb3.0.105&#8243;][et_pb_column type=\u00bb4_4&#8243; _builder_version=\u00bb3.0.47&#8243; parallax=\u00bboff\u00bb parallax_method=\u00bbon\u00bb][et_pb_social_media_follow url_new_window=\u00bboff\u00bb _builder_version=\u00bb3.0.106&#8243; text_orientation=\u00bbcenter\u00bb locked=\u00bboff\u00bb][et_pb_social_media_follow_network social_network=\u00bbfacebook\u00bb url=\u00bbhttps:\/\/www.facebook.com\/saborizantesyesencias\/\u00bb _builder_version=\u00bb3.0.106&#8243; background_color=\u00bbrgba(0,0,0,0.26)\u00bb border_radii=\u00bbon||||\u00bb custom_margin=\u00bb8px|8px|8px|8px\u00bb custom_margin_tablet=\u00bb8px|8px|8px|8px\u00bb custom_margin_phone=\u00bb8px|8px|8px|8px\u00bb custom_padding=\u00bb6px|6px|6px|6px\u00bb custom_padding_tablet=\u00bb6px|6px|6px|6px\u00bb custom_padding_phone=\u00bb6px|6px|6px|6px\u00bb follow_button=\u00bboff\u00bb url_new_window=\u00bboff\u00bb] facebook [\/et_pb_social_media_follow_network][et_pb_social_media_follow_network social_network=\u00bbtwitter\u00bb url=\u00bbhttps:\/\/twitter.com\/saboryesencia\u00bb _builder_version=\u00bb3.0.106&#8243; background_color=\u00bbrgba(0,0,0,0.26)\u00bb border_radii=\u00bbon||||\u00bb custom_margin=\u00bb8px|8px|8px|8px\u00bb custom_margin_tablet=\u00bb8px|8px|8px|8px\u00bb custom_margin_phone=\u00bb8px|8px|8px|8px\u00bb custom_padding=\u00bb6px|6px|6px|6px\u00bb custom_padding_tablet=\u00bb6px|6px|6px|6px\u00bb custom_padding_phone=\u00bb6px|6px|6px|6px\u00bb follow_button=\u00bboff\u00bb url_new_window=\u00bboff\u00bb] Twitter [\/et_pb_social_media_follow_network][\/et_pb_social_media_follow][\/et_pb_column][\/et_pb_row][\/et_pb_section]<\/p>\n","protected":false},"excerpt":{"rendered":"<p>Saborizantes Org\u00e1nicos Saborizantes Org\u00e1nicos Espresso Fresa Frutas de la pasi\u00f3n Frutos rojos Ginger Guayaba Kiwi Lima Lima-Lim\u00f3n Lim\u00f3n Lim\u00f3n tipo Eureka Mandarina Mango Mango con durazno Mango con fresa Manzana Manzana Fuji Manzana Gala Manzana Verde Maracuy\u00e1 Mel\u00f3n Menta Menta con chocolate Mojito Mora Mora Azul Mora con lim\u00f3n Naranja Naranja con pi\u00f1a Papaya Pepino [&hellip;]<\/p>\n","protected":false},"author":1,"featured_media":0,"parent":0,"menu_order":0,"comment_status":"closed","ping_status":"closed","template":"","meta":{"_et_pb_use_builder":"on","_et_pb_old_content":"","_et_gb_content_width":"","footnotes":""},"class_list":["post-111","page","type-page","status-publish","hentry"],"_links":{"self":[{"href":"https:\/\/www.coprisamexico.com\/web\/wp-json\/wp\/v2\/pages\/111","targetHints":{"allow":["GET"]}}],"collection":[{"href":"https:\/\/www.coprisamexico.com\/web\/wp-json\/wp\/v2\/pages"}],"about":[{"href":"https:\/\/www.coprisamexico.com\/web\/wp-json\/wp\/v2\/types\/page"}],"author":[{"embeddable":true,"href":"https:\/\/www.coprisamexico.com\/web\/wp-json\/wp\/v2\/users\/1"}],"replies":[{"embeddable":true,"href":"https:\/\/www.coprisamexico.com\/web\/wp-json\/wp\/v2\/comments?post=111"}],"version-history":[{"count":53,"href":"https:\/\/www.coprisamexico.com\/web\/wp-json\/wp\/v2\/pages\/111\/revisions"}],"predecessor-version":[{"id":1329,"href":"https:\/\/www.coprisamexico.com\/web\/wp-json\/wp\/v2\/pages\/111\/revisions\/1329"}],"wp:attachment":[{"href":"https:\/\/www.coprisamexico.com\/web\/wp-json\/wp\/v2\/media?parent=111"}],"curies":[{"name":"wp","href":"https:\/\/api.w.org\/{rel}","templated":true}]}}