{"id":120,"date":"2018-04-12T03:26:30","date_gmt":"2018-04-12T03:26:30","guid":{"rendered":"http:\/\/www.coprisamexico.com\/web\/?page_id=120"},"modified":"2018-05-18T16:37:15","modified_gmt":"2018-05-18T16:37:15","slug":"frutas","status":"publish","type":"page","link":"https:\/\/www.coprisamexico.com\/web\/frutas\/","title":{"rendered":"Saborizantes de frutas"},"content":{"rendered":"<p>[et_pb_section fb_built=\u00bb1&#8243; admin_label=\u00bbHero Section\u00bb _builder_version=\u00bb3.0.106&#8243; background_image=\u00bbhttps:\/\/www.coprisamexico.com\/web\/wp-content\/uploads\/2018\/04\/banner_frutas3.jpg\u00bb parallax=\u00bbon\u00bb custom_margin=\u00bb|||\u00bb custom_padding=\u00bb15%||16%||false|false\u00bb locked=\u00bboff\u00bb][et_pb_row make_fullwidth=\u00bbon\u00bb _builder_version=\u00bb3.2.1&#8243; background_size=\u00bbinitial\u00bb background_position=\u00bbtop_left\u00bb background_repeat=\u00bbrepeat\u00bb][et_pb_column type=\u00bb4_4&#8243; _builder_version=\u00bb3.0.47&#8243; parallax=\u00bboff\u00bb parallax_method=\u00bbon\u00bb][et_pb_text admin_label=\u00bbTitle\u00bb _builder_version=\u00bb3.2.1&#8243; text_font=\u00bbQuattrocento||||||||\u00bb text_font_size=\u00bb22px\u00bb text_line_height=\u00bb2em\u00bb header_font=\u00bbQuattrocento|700||on|||||\u00bb header_text_align=\u00bbcenter\u00bb header_font_size=\u00bb70px\u00bb header_font_size_tablet=\u00bb40px\u00bb header_font_size_phone=\u00bb20px\u00bb header_font_size_last_edited=\u00bbon|phone\u00bb header_letter_spacing=\u00bb4px\u00bb header_line_height=\u00bb2em\u00bb text_orientation=\u00bbcenter\u00bb background_layout=\u00bbdark\u00bb max_width=\u00bb800px\u00bb module_alignment=\u00bbcenter\u00bb animation_style=\u00bbslide\u00bb animation_direction=\u00bbtop\u00bb animation_intensity_slide=\u00bb3%\u00bb animation_starting_opacity=\u00bb100%\u00bb]<\/p>\n<h1>Saborizantes de frutas<\/h1>\n<p>[\/et_pb_text][\/et_pb_column][\/et_pb_row][\/et_pb_section][et_pb_section fb_built=\u00bb1&#8243; admin_label=\u00bbAbout Us Section\u00bb _builder_version=\u00bb3.2.1&#8243; background_color_gradient_direction=\u00bb150deg\u00bb background_image=\u00bbhttps:\/\/www.coprisamexico.com\/web\/wp-content\/uploads\/2018\/05\/back_granada_01.jpg\u00bb background_size=\u00bbinitial\u00bb background_blend=\u00bbmultiply\u00bb max_width=\u00bb98%\u00bb max_width_tablet=\u00bb100%\u00bb max_width_phone=\u00bb100%\u00bb max_width_last_edited=\u00bbon|desktop\u00bb module_alignment=\u00bbleft\u00bb custom_padding=\u00bb45px||26.4%||false|false\u00bb][et_pb_row _builder_version=\u00bb3.0.105&#8243;][et_pb_column type=\u00bb1_2&#8243; _builder_version=\u00bb3.0.47&#8243; parallax=\u00bboff\u00bb parallax_method=\u00bbon\u00bb][et_pb_text admin_label=\u00bbTitle\u00bb _builder_version=\u00bb3.0.106&#8243; header_font=\u00bb||||||||\u00bb header_line_height=\u00bb1.2em\u00bb header_2_font=\u00bbQuattrocento|700|||||||\u00bb header_2_font_size=\u00bb60px\u00bb header_2_font_size_tablet=\u00bb40px\u00bb header_2_font_size_phone=\u00bb25px\u00bb header_2_font_size_last_edited=\u00bbon|desktop\u00bb header_2_line_height=\u00bb2.2em\u00bb custom_margin=\u00bb||10px|\u00bb animation_style=\u00bbslide\u00bb animation_direction=\u00bbtop\u00bb animation_intensity_slide=\u00bb5%\u00bb locked=\u00bboff\u00bb]<\/p>\n<h2>Saborizantes de frutas<\/h2>\n<p>[\/et_pb_text][\/et_pb_column][et_pb_column type=\u00bb1_2&#8243; _builder_version=\u00bb3.0.47&#8243; parallax=\u00bboff\u00bb parallax_method=\u00bbon\u00bb][et_pb_text _builder_version=\u00bb3.0.106&#8243; text_font=\u00bbQuattrocento||||||||\u00bb text_text_color=\u00bb#474747&#8243; text_font_size=\u00bb18px\u00bb text_line_height=\u00bb2.2em\u00bb max_width=\u00bb700px\u00bb module_alignment=\u00bbcenter\u00bb custom_margin=\u00bb||40px|\u00bb animation_style=\u00bbfade\u00bb animation_direction=\u00bbleft\u00bb animation_starting_opacity=\u00bb100%\u00bb locked=\u00bboff\u00bb]<\/p>\n<p><span style=\"color: #282828;\"><strong>Ciruela<\/strong><\/span><\/p>\n<p><span style=\"color: #282828;\"><strong>Durazno<\/strong><\/span><\/p>\n<p><span style=\"color: #282828;\"><strong>Granada<\/strong><\/span><\/p>\n<p><span style=\"color: #282828;\"><strong>Manzana y sus variedades<\/strong><\/span><\/p>\n<p><span style=\"color: #282828;\"><strong>Mel\u00f3n<\/strong><\/span><\/p>\n<p><span style=\"color: #282828;\"><strong>Pera<\/strong><\/span><\/p>\n<p><span style=\"color: #282828;\"><strong>Pl\u00e1tano<\/strong><\/span><\/p>\n<p><span style=\"color: #282828;\"><strong>Ponche de Frutas<\/strong><\/span><\/p>\n<p><span style=\"color: #282828;\"><strong>Sand\u00eda<\/strong><\/span><\/p>\n<p><span style=\"color: #282828;\"><strong>Uva y sus variedades<\/strong><\/span><\/p>\n<p><strong><\/strong><\/p>\n<p><strong><\/strong><\/p>\n<p><strong><\/strong><\/p>\n<p>[\/et_pb_text][\/et_pb_column][\/et_pb_row][\/et_pb_section][et_pb_section fb_built=\u00bb1&#8243; _builder_version=\u00bb3.2.1&#8243; background_image=\u00bbhttps:\/\/www.coprisamexico.com\/web\/wp-content\/uploads\/2018\/05\/frutas_bottom1.jpg\u00bb background_blend=\u00bbmultiply\u00bb custom_padding=\u00bb20.8%|0px|184px|0px|false|false\u00bb][et_pb_row _builder_version=\u00bb3.0.105&#8243;][et_pb_column type=\u00bb4_4&#8243; _builder_version=\u00bb3.0.47&#8243; parallax=\u00bboff\u00bb parallax_method=\u00bbon\u00bb][et_pb_social_media_follow url_new_window=\u00bboff\u00bb _builder_version=\u00bb3.0.106&#8243; text_orientation=\u00bbcenter\u00bb locked=\u00bboff\u00bb][et_pb_social_media_follow_network social_network=\u00bbfacebook\u00bb url=\u00bbhttps:\/\/www.facebook.com\/saborizantesyesencias\/\u00bb _builder_version=\u00bb3.0.106&#8243; background_color=\u00bbrgba(0,0,0,0.26)\u00bb border_radii=\u00bbon||||\u00bb custom_margin=\u00bb8px|8px|8px|8px\u00bb custom_margin_tablet=\u00bb8px|8px|8px|8px\u00bb custom_margin_phone=\u00bb8px|8px|8px|8px\u00bb custom_padding=\u00bb6px|6px|6px|6px\u00bb custom_padding_tablet=\u00bb6px|6px|6px|6px\u00bb custom_padding_phone=\u00bb6px|6px|6px|6px\u00bb follow_button=\u00bboff\u00bb url_new_window=\u00bboff\u00bb] facebook [\/et_pb_social_media_follow_network][et_pb_social_media_follow_network social_network=\u00bbtwitter\u00bb url=\u00bbhttps:\/\/twitter.com\/saboryesencia\u00bb _builder_version=\u00bb3.0.106&#8243; background_color=\u00bbrgba(0,0,0,0.26)\u00bb border_radii=\u00bbon||||\u00bb custom_margin=\u00bb8px|8px|8px|8px\u00bb custom_margin_tablet=\u00bb8px|8px|8px|8px\u00bb custom_margin_phone=\u00bb8px|8px|8px|8px\u00bb custom_padding=\u00bb6px|6px|6px|6px\u00bb custom_padding_tablet=\u00bb6px|6px|6px|6px\u00bb custom_padding_phone=\u00bb6px|6px|6px|6px\u00bb follow_button=\u00bboff\u00bb url_new_window=\u00bboff\u00bb] Twitter [\/et_pb_social_media_follow_network][\/et_pb_social_media_follow][\/et_pb_column][\/et_pb_row][\/et_pb_section]<\/p>\n","protected":false},"excerpt":{"rendered":"<p>Saborizantes de frutas Saborizantes de frutas Ciruela Durazno Granada Manzana y sus variedades Mel\u00f3n Pera Pl\u00e1tano Ponche de Frutas Sand\u00eda Uva y sus variedades<\/p>\n","protected":false},"author":1,"featured_media":0,"parent":0,"menu_order":0,"comment_status":"closed","ping_status":"closed","template":"","meta":{"_et_pb_use_builder":"on","_et_pb_old_content":"","_et_gb_content_width":"","footnotes":""},"class_list":["post-120","page","type-page","status-publish","hentry"],"_links":{"self":[{"href":"https:\/\/www.coprisamexico.com\/web\/wp-json\/wp\/v2\/pages\/120","targetHints":{"allow":["GET"]}}],"collection":[{"href":"https:\/\/www.coprisamexico.com\/web\/wp-json\/wp\/v2\/pages"}],"about":[{"href":"https:\/\/www.coprisamexico.com\/web\/wp-json\/wp\/v2\/types\/page"}],"author":[{"embeddable":true,"href":"https:\/\/www.coprisamexico.com\/web\/wp-json\/wp\/v2\/users\/1"}],"replies":[{"embeddable":true,"href":"https:\/\/www.coprisamexico.com\/web\/wp-json\/wp\/v2\/comments?post=120"}],"version-history":[{"count":34,"href":"https:\/\/www.coprisamexico.com\/web\/wp-json\/wp\/v2\/pages\/120\/revisions"}],"predecessor-version":[{"id":1114,"href":"https:\/\/www.coprisamexico.com\/web\/wp-json\/wp\/v2\/pages\/120\/revisions\/1114"}],"wp:attachment":[{"href":"https:\/\/www.coprisamexico.com\/web\/wp-json\/wp\/v2\/media?parent=120"}],"curies":[{"name":"wp","href":"https:\/\/api.w.org\/{rel}","templated":true}]}}