{"id":138,"date":"2018-04-12T03:59:01","date_gmt":"2018-04-12T03:59:01","guid":{"rendered":"http:\/\/www.coprisamexico.com\/web\/?page_id=138"},"modified":"2018-10-08T16:21:12","modified_gmt":"2018-10-08T16:21:12","slug":"citricos","status":"publish","type":"page","link":"https:\/\/www.coprisamexico.com\/web\/citricos\/","title":{"rendered":"Saborizantes y Aceites Esenciales C\u00edtricos"},"content":{"rendered":"<p>[et_pb_section bb_built=\u00bb1&#8243; admin_label=\u00bbHero Section\u00bb _builder_version=\u00bb3.2.1&#8243; background_image=\u00bbhttps:\/\/www.coprisamexico.com\/web\/wp-content\/uploads\/2018\/04\/citricos.jpg\u00bb parallax=\u00bbon\u00bb custom_margin=\u00bb|||\u00bb custom_padding=\u00bb14.4%||76px|\u00bb locked=\u00bboff\u00bb next_background_color=\u00bb#ffffff\u00bb][et_pb_row custom_padding=\u00bb26px|0px|10px|0px\u00bb _builder_version=\u00bb3.0.47&#8243; background_size=\u00bbinitial\u00bb background_position=\u00bbtop_left\u00bb background_repeat=\u00bbrepeat\u00bb][et_pb_column type=\u00bb4_4&#8243;][et_pb_text admin_label=\u00bbTitle\u00bb _builder_version=\u00bb3.2.1&#8243; text_font=\u00bbQuattrocento||||||||\u00bb text_font_size=\u00bb22px\u00bb text_line_height=\u00bb2em\u00bb header_font=\u00bbQuattrocento|||on|||||\u00bb header_text_align=\u00bbcenter\u00bb header_text_color=\u00bb#d9ffba\u00bb header_font_size=\u00bb70px\u00bb header_font_size_tablet=\u00bb40px\u00bb header_font_size_phone=\u00bb24px\u00bb header_font_size_last_edited=\u00bbon|tablet\u00bb header_letter_spacing=\u00bb4px\u00bb header_line_height=\u00bb1.6em\u00bb text_orientation=\u00bbcenter\u00bb background_layout=\u00bbdark\u00bb max_width=\u00bb800px\u00bb module_alignment=\u00bbcenter\u00bb animation_style=\u00bbslide\u00bb animation_direction=\u00bbtop\u00bb animation_intensity_slide=\u00bb3%\u00bb animation_starting_opacity=\u00bb100%\u00bb]<\/p>\n<h1>Saborizantes y Aceites Esenciales c\u00edtricos<\/h1>\n<p>[\/et_pb_text][\/et_pb_column][\/et_pb_row][\/et_pb_section][et_pb_section bb_built=\u00bb1&#8243; admin_label=\u00bbAbout Us Section\u00bb _builder_version=\u00bb3.2.1&#8243; background_color_gradient_direction=\u00bb150deg\u00bb background_image=\u00bbhttps:\/\/www.coprisamexico.com\/web\/wp-content\/uploads\/2018\/04\/tangerine.jpg\u00bb background_size=\u00bbinitial\u00bb background_blend=\u00bbmultiply\u00bb custom_padding=\u00bb27px||31.8%||false|false\u00bb prev_background_color=\u00bb#ffffff\u00bb next_background_color=\u00bb#ffffff\u00bb][et_pb_row _builder_version=\u00bb3.0.105&#8243;][et_pb_column type=\u00bb1_2&#8243;][et_pb_text admin_label=\u00bbTitle\u00bb _builder_version=\u00bb3.0.106&#8243; header_font=\u00bb||||||||\u00bb header_font_size=\u00bb24px\u00bb header_line_height=\u00bb1.2em\u00bb header_2_font=\u00bbQuattrocento|700|||||||\u00bb header_2_font_size=\u00bb60px\u00bb header_2_font_size_tablet=\u00bb40px\u00bb header_2_font_size_phone=\u00bb24px\u00bb header_2_font_size_last_edited=\u00bbon|desktop\u00bb header_2_line_height=\u00bb1.9em\u00bb custom_margin=\u00bb||10px|\u00bb animation_style=\u00bbslide\u00bb animation_direction=\u00bbtop\u00bb animation_intensity_slide=\u00bb5%\u00bb locked=\u00bboff\u00bb]<\/p>\n<h2><span style=\"color: #ff9d00;\">Saborizantes y Aceites Esenciales C\u00edtricos<\/span><\/h2>\n<p>[\/et_pb_text][\/et_pb_column][et_pb_column type=\u00bb1_2&#8243;][et_pb_text _builder_version=\u00bb3.2.1&#8243; text_font=\u00bbQuattrocento||||||||\u00bb text_text_color=\u00bb#474747&#8243; text_font_size=\u00bb18px\u00bb text_line_height=\u00bb2.2em\u00bb max_width=\u00bb700px\u00bb module_alignment=\u00bbcenter\u00bb custom_margin=\u00bb||40px|\u00bb animation_style=\u00bbfade\u00bb animation_direction=\u00bbleft\u00bb animation_starting_opacity=\u00bb100%\u00bb locked=\u00bboff\u00bb]<\/p>\n<p><strong>Lima<\/strong><\/p>\n<p><strong>Lima-Lim\u00f3n<\/strong><\/p>\n<p><strong>Lim\u00f3n Argentino<br \/>\n<\/strong><\/p>\n<p><strong>Lim\u00f3n Eureka<\/strong><\/p>\n<p><strong>Lim\u00f3n Ginger<br \/>\n<\/strong><\/p>\n<p><strong>Lim\u00f3n Persa<\/strong><\/p>\n<p><strong>Mandarina<\/strong><\/p>\n<p><strong>Naranja<\/strong><\/p>\n<p><strong>Tangerina<\/strong><\/p>\n<p><strong>Toronja<\/strong><\/p>\n<p>&nbsp;<\/p>\n<p>&nbsp;<\/p>\n<p>&nbsp;<\/p>\n<p>[\/et_pb_text][\/et_pb_column][\/et_pb_row][\/et_pb_section][et_pb_section bb_built=\u00bb1&#8243; _builder_version=\u00bb3.0.47&#8243; prev_background_color=\u00bb#000000&#8243; next_background_color=\u00bb#000000&#8243;][et_pb_row _builder_version=\u00bb3.0.47&#8243; background_size=\u00bbinitial\u00bb background_position=\u00bbtop_left\u00bb background_repeat=\u00bbrepeat\u00bb][et_pb_column type=\u00bb4_4&#8243;][et_pb_divider show_divider=\u00bboff\u00bb height=\u00bb40px\u00bb _builder_version=\u00bb3.2.1&#8243;]<\/p>\n<p>&nbsp;<\/p>\n<p>[\/et_pb_divider][\/et_pb_column][\/et_pb_row][\/et_pb_section][et_pb_section bb_built=\u00bb1&#8243; _builder_version=\u00bb3.2.1&#8243; background_image=\u00bbhttps:\/\/www.coprisamexico.com\/web\/wp-content\/uploads\/2018\/05\/limoncito.jpg\u00bb background_position=\u00bbtop_center\u00bb background_blend=\u00bbmultiply\u00bb custom_padding=\u00bb14.8%|0px|146px|0px|false|false\u00bb prev_background_color=\u00bb#ffffff\u00bb][et_pb_row _builder_version=\u00bb3.0.105&#8243;][et_pb_column type=\u00bb4_4&#8243;][et_pb_social_media_follow url_new_window=\u00bboff\u00bb _builder_version=\u00bb3.0.106&#8243; text_orientation=\u00bbcenter\u00bb locked=\u00bboff\u00bb][et_pb_social_media_follow_network social_network=\u00bbfacebook\u00bb url=\u00bbhttps:\/\/www.facebook.com\/saborizantesyesencias\/\u00bb _builder_version=\u00bb3.0.106&#8243; background_color=\u00bbrgba(0,0,0,0.26)\u00bb border_radii=\u00bbon||||\u00bb custom_margin=\u00bb8px|8px|8px|8px\u00bb custom_margin_tablet=\u00bb8px|8px|8px|8px\u00bb custom_margin_phone=\u00bb8px|8px|8px|8px\u00bb custom_padding=\u00bb6px|6px|6px|6px\u00bb custom_padding_tablet=\u00bb6px|6px|6px|6px\u00bb custom_padding_phone=\u00bb6px|6px|6px|6px\u00bb follow_button=\u00bboff\u00bb url_new_window=\u00bboff\u00bb] facebook [\/et_pb_social_media_follow_network][et_pb_social_media_follow_network social_network=\u00bbtwitter\u00bb url=\u00bbhttps:\/\/twitter.com\/saboryesencia\u00bb _builder_version=\u00bb3.0.106&#8243; background_color=\u00bbrgba(0,0,0,0.26)\u00bb border_radii=\u00bbon||||\u00bb custom_margin=\u00bb8px|8px|8px|8px\u00bb custom_margin_tablet=\u00bb8px|8px|8px|8px\u00bb custom_margin_phone=\u00bb8px|8px|8px|8px\u00bb custom_padding=\u00bb6px|6px|6px|6px\u00bb custom_padding_tablet=\u00bb6px|6px|6px|6px\u00bb custom_padding_phone=\u00bb6px|6px|6px|6px\u00bb follow_button=\u00bboff\u00bb url_new_window=\u00bboff\u00bb] Twitter [\/et_pb_social_media_follow_network][\/et_pb_social_media_follow][\/et_pb_column][\/et_pb_row][\/et_pb_section]<\/p>\n","protected":false},"excerpt":{"rendered":"<p>Saborizantes y Aceites Esenciales c\u00edtricos Saborizantes y Aceites Esenciales C\u00edtricos Lima Lima-Lim\u00f3n Lim\u00f3n Argentino Lim\u00f3n Eureka Lim\u00f3n Ginger Lim\u00f3n Persa Mandarina Naranja Tangerina Toronja &nbsp; &nbsp; &nbsp; &nbsp;<\/p>\n","protected":false},"author":1,"featured_media":0,"parent":0,"menu_order":0,"comment_status":"closed","ping_status":"closed","template":"","meta":{"_et_pb_use_builder":"on","_et_pb_old_content":"","_et_gb_content_width":"","footnotes":""},"class_list":["post-138","page","type-page","status-publish","hentry"],"_links":{"self":[{"href":"https:\/\/www.coprisamexico.com\/web\/wp-json\/wp\/v2\/pages\/138","targetHints":{"allow":["GET"]}}],"collection":[{"href":"https:\/\/www.coprisamexico.com\/web\/wp-json\/wp\/v2\/pages"}],"about":[{"href":"https:\/\/www.coprisamexico.com\/web\/wp-json\/wp\/v2\/types\/page"}],"author":[{"embeddable":true,"href":"https:\/\/www.coprisamexico.com\/web\/wp-json\/wp\/v2\/users\/1"}],"replies":[{"embeddable":true,"href":"https:\/\/www.coprisamexico.com\/web\/wp-json\/wp\/v2\/comments?post=138"}],"version-history":[{"count":30,"href":"https:\/\/www.coprisamexico.com\/web\/wp-json\/wp\/v2\/pages\/138\/revisions"}],"predecessor-version":[{"id":1303,"href":"https:\/\/www.coprisamexico.com\/web\/wp-json\/wp\/v2\/pages\/138\/revisions\/1303"}],"wp:attachment":[{"href":"https:\/\/www.coprisamexico.com\/web\/wp-json\/wp\/v2\/media?parent=138"}],"curies":[{"name":"wp","href":"https:\/\/api.w.org\/{rel}","templated":true}]}}