{"id":219,"date":"2018-04-12T19:58:12","date_gmt":"2018-04-12T19:58:12","guid":{"rendered":"http:\/\/www.coprisamexico.com\/web\/?page_id=219"},"modified":"2019-01-30T08:01:49","modified_gmt":"2019-01-30T08:01:49","slug":"quienessomos","status":"publish","type":"page","link":"https:\/\/www.coprisamexico.com\/web\/quienessomos\/","title":{"rendered":"Quienes Somos"},"content":{"rendered":"<p>[et_pb_section fb_built=\u00bb1&#8243; admin_label=\u00bbFeature Section\u00bb module_id=\u00bb2&#8243; _builder_version=\u00bb3.0.106&#8243; background_image=\u00bbhttps:\/\/www.coprisamexico.com\/web\/wp-content\/uploads\/2018\/04\/quienessomosok.jpg\u00bb background_position=\u00bbcenter_right\u00bb box_shadow_style=\u00bbpreset3&#8243; box_shadow_vertical=\u00bb80px\u00bb box_shadow_blur=\u00bb80px\u00bb box_shadow_spread=\u00bb-60px\u00bb box_shadow_color=\u00bbrgba(63,63,31,0.3)\u00bb max_width=\u00bb88%\u00bb custom_margin=\u00bb-6%|||\u00bb custom_padding=\u00bb250px|0|68px|\u00bb animation_style=\u00bbslide\u00bb animation_direction=\u00bbleft\u00bb animation_intensity_slide=\u00bb2%\u00bb animation_starting_opacity=\u00bb100%\u00bb][et_pb_row _builder_version=\u00bb3.0.106&#8243;][et_pb_column type=\u00bb1_2&#8243; _builder_version=\u00bb3.0.47&#8243; parallax=\u00bboff\u00bb parallax_method=\u00bbon\u00bb][\/et_pb_column][et_pb_column type=\u00bb1_2&#8243; _builder_version=\u00bb3.0.47&#8243; parallax=\u00bboff\u00bb parallax_method=\u00bbon\u00bb][et_pb_text _builder_version=\u00bb3.0.106&#8243; text_font=\u00bbQuattrocento||||||||\u00bb text_font_size=\u00bb18px\u00bb text_line_height=\u00bb2.2em\u00bb animation_style=\u00bbslide\u00bb animation_direction=\u00bbleft\u00bb animation_duration=\u00bb1400ms\u00bb animation_delay=\u00bb100ms\u00bb animation_intensity_slide=\u00bb6%\u00bb]<\/p>\n<p><span style=\"color: #1e1e1e;\"><strong>Somos una empresa mexicana que nace en 1987 con el prop\u00f3sito de abastecer materias primas; tales como\u00a0aceites esenciales, aromatizantes y saborizantes, a diversas empresas dentro del sector de alimentos y bebidas; al de la limpieza e higiene,<span>\u00a0a la industria farmac\u00e9utica, entre otros. <\/span><\/strong><\/span><\/p>\n<p>[\/et_pb_text][\/et_pb_column][\/et_pb_row][\/et_pb_section][et_pb_section fb_built=\u00bb1&#8243; custom_padding_last_edited=\u00bboff|desktop\u00bb admin_label=\u00bbFeature Section\u00bb _builder_version=\u00bb3.0.105&#8243; background_color=\u00bb#f7f7f7&#8243; background_image=\u00bbhttps:\/\/www.coprisamexico.com\/web\/wp-content\/uploads\/2018\/04\/tea_shop_42.jpg\u00bb custom_padding=\u00bb10%||16.6%||false|false\u00bb custom_padding_tablet=\u00bb0px||0px|\u00bb][et_pb_row use_custom_width=\u00bbon\u00bb width_unit=\u00bboff\u00bb custom_width_percent=\u00bb88%\u00bb custom_padding=\u00bb0|0px|0|0px|false|false\u00bb padding_right_1=\u00bb40px\u00bb padding_left_1=\u00bb40px\u00bb _builder_version=\u00bb3.0.105&#8243; module_alignment=\u00bbright\u00bb locked=\u00bboff\u00bb][et_pb_column type=\u00bb1_2&#8243; _builder_version=\u00bb3.0.47&#8243; padding_left=\u00bb40px\u00bb padding_right=\u00bb40px\u00bb parallax=\u00bboff\u00bb parallax_method=\u00bbon\u00bb][et_pb_text _builder_version=\u00bb3.2.1&#8243; text_font=\u00bbQuattrocento|700|||||||\u00bb text_font_size=\u00bb18px\u00bb text_line_height=\u00bb3em\u00bb custom_margin=\u00bb|||\u00bb animation_style=\u00bbfade\u00bb animation_direction=\u00bbleft\u00bb]<\/p>\n<p style=\"text-align: left;\"><span color=\"#0c0c0c\" style=\"color: #0c0c0c;\">Contamos con m\u00e1s de 30 a\u00f1os de experiencia comercializando y desarrollando perfiles a la medida; lo que nos ha permitido cumplir con los est\u00e1ndares de calidad e innovaci\u00f3n que cada f\u00f3rmula en espec\u00edfica requiere.<br \/><\/span><\/p>\n<p>[\/et_pb_text][\/et_pb_column][et_pb_column type=\u00bb1_2&#8243; _builder_version=\u00bb3.0.47&#8243; parallax=\u00bboff\u00bb parallax_method=\u00bbon\u00bb][et_pb_image src=\u00bbhttps:\/\/www.coprisamexico.com\/web\/wp-content\/uploads\/2018\/04\/frutita.png\u00bb _builder_version=\u00bb3.2.1&#8243; background_size=\u00bbinitial\u00bb background_position=\u00bbtop_right\u00bb max_width=\u00bb70%\u00bb max_width_tablet=\u00bb79%\u00bb max_width_phone=\u00bb80%\u00bb max_width_last_edited=\u00bbon|desktop\u00bb module_alignment=\u00bbcenter\u00bb custom_margin=\u00bb||-50%|\u00bb custom_margin_tablet=\u00bb0px||0px|\u00bb custom_margin_last_edited=\u00bbon|tablet\u00bb animation_style=\u00bbslide\u00bb animation_direction=\u00bbright\u00bb animation_intensity_slide=\u00bb10%\u00bb animation_starting_opacity=\u00bb100%\u00bb]\u00a0<br \/>\n[\/et_pb_image][\/et_pb_column][\/et_pb_row][\/et_pb_section][et_pb_section fb_built=\u00bb1&#8243; admin_label=\u00bbSubscription Section\u00bb _builder_version=\u00bb3.2.1&#8243; background_image=\u00bbhttps:\/\/www.coprisamexico.com\/web\/wp-content\/uploads\/2018\/04\/252338818.jpg\u00bb background_position=\u00bbbottom_right\u00bb custom_padding=\u00bb148px||159px|\u00bb][et_pb_row make_fullwidth=\u00bbon\u00bb custom_padding=\u00bb70px|0px|108px|0px\u00bb _builder_version=\u00bb3.0.106&#8243;][et_pb_column type=\u00bb4_4&#8243; _builder_version=\u00bb3.0.47&#8243; parallax=\u00bboff\u00bb parallax_method=\u00bbon\u00bb][et_pb_text admin_label=\u00bbMisi\u00f3n\u00bb _builder_version=\u00bb3.0.106&#8243; header_line_height=\u00bb1.2em\u00bb header_2_font=\u00bbQuattrocento||||||||\u00bb header_2_font_size=\u00bb60px\u00bb header_2_font_size_tablet=\u00bb40px\u00bb header_2_font_size_last_edited=\u00bbon|tablet\u00bb header_2_line_height=\u00bb1.3em\u00bb text_orientation=\u00bbcenter\u00bb background_layout=\u00bbdark\u00bb custom_margin=\u00bb||10px|\u00bb animation_style=\u00bbfade\u00bb animation_direction=\u00bbleft\u00bb animation_starting_opacity=\u00bb100%\u00bb]<\/p>\n<h2>Misi\u00f3n<\/h2>\n<p>[\/et_pb_text][et_pb_text admin_label=\u00bbTxt\u00bb _builder_version=\u00bb3.0.106&#8243; text_font=\u00bbQuattrocento||||||||\u00bb text_font_size=\u00bb18px\u00bb text_line_height=\u00bb2.2em\u00bb header_font=\u00bb||||||||\u00bb header_3_font=\u00bb|700|||||||\u00bb header_3_font_size=\u00bb26px\u00bb text_orientation=\u00bbcenter\u00bb background_layout=\u00bbdark\u00bb max_width=\u00bb700px\u00bb module_alignment=\u00bbcenter\u00bb animation_style=\u00bbfade\u00bb animation_direction=\u00bbleft\u00bb animation_starting_opacity=\u00bb100%\u00bb]<\/p>\n<h3>Satisfacer las necesidades de nuestros clientes de una forma r\u00e1pida, confiable y segura. Construyendo as\u00ed, relaciones comerciales a largo plazo.<\/h3>\n<p>[\/et_pb_text][et_pb_text admin_label=\u00bbVisi\u00f3n\u00bb _builder_version=\u00bb3.0.106&#8243; header_line_height=\u00bb1.2em\u00bb header_2_font=\u00bbQuattrocento||||||||\u00bb header_2_font_size=\u00bb60px\u00bb header_2_font_size_tablet=\u00bb40px\u00bb header_2_font_size_last_edited=\u00bbon|tablet\u00bb header_2_line_height=\u00bb1.3em\u00bb text_orientation=\u00bbcenter\u00bb background_layout=\u00bbdark\u00bb custom_margin=\u00bb||10px|\u00bb animation_style=\u00bbfade\u00bb animation_direction=\u00bbleft\u00bb animation_starting_opacity=\u00bb100%\u00bb]<\/p>\n<h2>Visi\u00f3n<\/h2>\n<p>[\/et_pb_text][et_pb_text admin_label=\u00bbTxt\u00bb _builder_version=\u00bb3.0.106&#8243; text_font=\u00bbQuattrocento||||||||\u00bb text_font_size=\u00bb18px\u00bb text_line_height=\u00bb2.2em\u00bb header_font=\u00bb||||||||\u00bb header_3_font=\u00bb|700|||||||\u00bb header_3_font_size=\u00bb26px\u00bb text_orientation=\u00bbcenter\u00bb background_layout=\u00bbdark\u00bb max_width=\u00bb700px\u00bb module_alignment=\u00bbcenter\u00bb animation_style=\u00bbfade\u00bb animation_direction=\u00bbleft\u00bb animation_starting_opacity=\u00bb100%\u00bb]<\/p>\n<h3>Ser una empresa reconocida por su competitividad, por su calidez humana, \u00a0 por su excelencia y responsabilidad en el servicio a cliente.<\/h3>\n<p>[\/et_pb_text][et_pb_text admin_label=\u00bbValores\u00bb _builder_version=\u00bb3.0.106&#8243; header_line_height=\u00bb1.2em\u00bb header_2_font=\u00bbQuattrocento||||||||\u00bb header_2_font_size=\u00bb60px\u00bb header_2_font_size_tablet=\u00bb40px\u00bb header_2_font_size_last_edited=\u00bbon|tablet\u00bb header_2_line_height=\u00bb1.3em\u00bb text_orientation=\u00bbcenter\u00bb background_layout=\u00bbdark\u00bb custom_margin=\u00bb||10px|\u00bb animation_style=\u00bbfade\u00bb animation_direction=\u00bbleft\u00bb animation_starting_opacity=\u00bb100%\u00bb]<\/p>\n<h2>Valores<\/h2>\n<p>[\/et_pb_text][et_pb_text admin_label=\u00bbTxt\u00bb _builder_version=\u00bb3.0.106&#8243; text_font=\u00bbQuattrocento||||||||\u00bb text_font_size=\u00bb18px\u00bb text_line_height=\u00bb2.2em\u00bb header_3_font=\u00bb|700|||||||\u00bb header_3_font_size=\u00bb26px\u00bb text_orientation=\u00bbcenter\u00bb background_layout=\u00bbdark\u00bb max_width=\u00bb700px\u00bb module_alignment=\u00bbcenter\u00bb animation_style=\u00bbfade\u00bb animation_direction=\u00bbleft\u00bb animation_starting_opacity=\u00bb100%\u00bb]<\/p>\n<h3>Honestidad, integridad, confianza, trabajo en equipo, compromiso.<\/h3>\n<p>[\/et_pb_text][et_pb_divider color=\u00bb#ffffff\u00bb divider_style=\u00bbnone\u00bb divider_weight=\u00bb40&#8243; height=\u00bb80px\u00bb _builder_version=\u00bb3.2&#8243;][\/et_pb_divider][et_pb_social_media_follow url_new_window=\u00bboff\u00bb _builder_version=\u00bb3.0.106&#8243; text_orientation=\u00bbcenter\u00bb locked=\u00bboff\u00bb][et_pb_social_media_follow_network social_network=\u00bbfacebook\u00bb url=\u00bbhttps:\/\/www.facebook.com\/saborizantesyesencias\/\u00bb _builder_version=\u00bb3.0.106&#8243; background_color=\u00bbrgba(0,0,0,0.26)\u00bb border_radii=\u00bbon||||\u00bb custom_margin=\u00bb8px|8px|8px|8px\u00bb custom_margin_tablet=\u00bb8px|8px|8px|8px\u00bb custom_margin_phone=\u00bb8px|8px|8px|8px\u00bb custom_padding=\u00bb6px|6px|6px|6px\u00bb custom_padding_tablet=\u00bb6px|6px|6px|6px\u00bb custom_padding_phone=\u00bb6px|6px|6px|6px\u00bb follow_button=\u00bboff\u00bb url_new_window=\u00bboff\u00bb] facebook [\/et_pb_social_media_follow_network][et_pb_social_media_follow_network social_network=\u00bbtwitter\u00bb url=\u00bbhttps:\/\/twitter.com\/saboryesencia\u00bb _builder_version=\u00bb3.0.106&#8243; background_color=\u00bbrgba(0,0,0,0.26)\u00bb border_radii=\u00bbon||||\u00bb custom_margin=\u00bb8px|8px|8px|8px\u00bb custom_margin_tablet=\u00bb8px|8px|8px|8px\u00bb custom_margin_phone=\u00bb8px|8px|8px|8px\u00bb custom_padding=\u00bb6px|6px|6px|6px\u00bb custom_padding_tablet=\u00bb6px|6px|6px|6px\u00bb custom_padding_phone=\u00bb6px|6px|6px|6px\u00bb follow_button=\u00bboff\u00bb url_new_window=\u00bboff\u00bb] Twitter [\/et_pb_social_media_follow_network][\/et_pb_social_media_follow][\/et_pb_column][\/et_pb_row][\/et_pb_section]<\/p>\n","protected":false},"excerpt":{"rendered":"<p>Somos una empresa mexicana que nace en 1987 con el prop\u00f3sito de abastecer materias primas; tales como\u00a0aceites esenciales, aromatizantes y saborizantes, a diversas empresas dentro del sector de alimentos y bebidas; al de la limpieza e higiene,\u00a0a la industria farmac\u00e9utica, entre otros. Contamos con m\u00e1s de 30 a\u00f1os de experiencia comercializando y desarrollando perfiles a [&hellip;]<\/p>\n","protected":false},"author":1,"featured_media":0,"parent":0,"menu_order":0,"comment_status":"closed","ping_status":"closed","template":"","meta":{"_et_pb_use_builder":"on","_et_pb_old_content":"","_et_gb_content_width":"","footnotes":""},"class_list":["post-219","page","type-page","status-publish","hentry"],"_links":{"self":[{"href":"https:\/\/www.coprisamexico.com\/web\/wp-json\/wp\/v2\/pages\/219","targetHints":{"allow":["GET"]}}],"collection":[{"href":"https:\/\/www.coprisamexico.com\/web\/wp-json\/wp\/v2\/pages"}],"about":[{"href":"https:\/\/www.coprisamexico.com\/web\/wp-json\/wp\/v2\/types\/page"}],"author":[{"embeddable":true,"href":"https:\/\/www.coprisamexico.com\/web\/wp-json\/wp\/v2\/users\/1"}],"replies":[{"embeddable":true,"href":"https:\/\/www.coprisamexico.com\/web\/wp-json\/wp\/v2\/comments?post=219"}],"version-history":[{"count":63,"href":"https:\/\/www.coprisamexico.com\/web\/wp-json\/wp\/v2\/pages\/219\/revisions"}],"predecessor-version":[{"id":1325,"href":"https:\/\/www.coprisamexico.com\/web\/wp-json\/wp\/v2\/pages\/219\/revisions\/1325"}],"wp:attachment":[{"href":"https:\/\/www.coprisamexico.com\/web\/wp-json\/wp\/v2\/media?parent=219"}],"curies":[{"name":"wp","href":"https:\/\/api.w.org\/{rel}","templated":true}]}}