{"id":474,"date":"2018-04-24T01:10:02","date_gmt":"2018-04-24T01:10:02","guid":{"rendered":"http:\/\/www.coprisamexico.com\/web\/?page_id=474"},"modified":"2019-01-30T08:19:56","modified_gmt":"2019-01-30T08:19:56","slug":"aromatizantes","status":"publish","type":"page","link":"https:\/\/www.coprisamexico.com\/web\/aromatizantes\/","title":{"rendered":"Aromatizantes"},"content":{"rendered":"<p>[et_pb_section fb_built=\u00bb1&#8243; admin_label=\u00bbHero Section\u00bb _builder_version=\u00bb3.2.1&#8243; background_image=\u00bbhttps:\/\/www.coprisamexico.com\/web\/wp-content\/uploads\/2018\/04\/aromatizantes1ok.jpg\u00bb parallax=\u00bbon\u00bb custom_margin=\u00bb|||\u00bb custom_padding=\u00bb24%|0|24%||false|false\u00bb locked=\u00bboff\u00bb][et_pb_row custom_padding=\u00bb50px|0px|41px|0px|false|false\u00bb _builder_version=\u00bb3.0.47&#8243; background_size=\u00bbinitial\u00bb background_position=\u00bbtop_left\u00bb background_repeat=\u00bbrepeat\u00bb][et_pb_column type=\u00bb4_4&#8243; _builder_version=\u00bb3.0.47&#8243; parallax=\u00bboff\u00bb parallax_method=\u00bbon\u00bb][et_pb_text admin_label=\u00bbTitle\u00bb _builder_version=\u00bb3.2.1&#8243; text_font=\u00bbQuattrocento||||||||\u00bb text_font_size=\u00bb22px\u00bb text_line_height=\u00bb2em\u00bb header_font=\u00bbQuattrocento|700||on|||||\u00bb header_text_align=\u00bbcenter\u00bb header_font_size=\u00bb60px\u00bb header_font_size_tablet=\u00bb40px\u00bb header_font_size_phone=\u00bb18px\u00bb header_font_size_last_edited=\u00bbon|phone\u00bb header_letter_spacing=\u00bb4px\u00bb header_line_height=\u00bb2em\u00bb header_2_font=\u00bbQuattrocento||||||||\u00bb header_2_font_size=\u00bb20px\u00bb header_2_font_size_tablet=\u00bb17px\u00bb header_2_font_size_phone=\u00bb13px\u00bb header_2_font_size_last_edited=\u00bbon|phone\u00bb header_3_font=\u00bbQuattrocento||||||||\u00bb header_3_font_size=\u00bb20px\u00bb header_4_font=\u00bbQuattrocento||||||||\u00bb header_5_font=\u00bb||||||||\u00bb text_orientation=\u00bbcenter\u00bb background_layout=\u00bbdark\u00bb max_width=\u00bb800px\u00bb module_alignment=\u00bbcenter\u00bb animation_style=\u00bbslide\u00bb animation_direction=\u00bbtop\u00bb animation_intensity_slide=\u00bb3%\u00bb animation_starting_opacity=\u00bb100%\u00bb]<\/p>\n<h1>Aromatizantes<\/h1>\n<p>[\/et_pb_text][\/et_pb_column][\/et_pb_row][\/et_pb_section][et_pb_section fb_built=\u00bb1&#8243; admin_label=\u00bbAbout Us Section\u00bb _builder_version=\u00bb3.2.1&#8243; background_color_gradient_direction=\u00bb150deg\u00bb background_image=\u00bbhttps:\/\/www.coprisamexico.com\/web\/wp-content\/uploads\/2018\/05\/back_margaritas_02.jpg\u00bb background_size=\u00bbinitial\u00bb background_position=\u00bbtop_left\u00bb background_blend=\u00bbmultiply\u00bb custom_padding=\u00bb16px||11.8%||false|false\u00bb][et_pb_row custom_padding=\u00bb47px|0px|0|0px|false|false\u00bb _builder_version=\u00bb3.0.106&#8243;][et_pb_column type=\u00bb1_2&#8243; _builder_version=\u00bb3.0.47&#8243; parallax=\u00bboff\u00bb parallax_method=\u00bbon\u00bb][et_pb_text admin_label=\u00bbTitle\u00bb _builder_version=\u00bb3.2.1&#8243; header_font=\u00bbQuattrocento||||||||\u00bb header_font_size=\u00bb24px\u00bb header_2_font=\u00bbQuattrocento||||||||\u00bb header_2_font_size=\u00bb44px\u00bb header_2_font_size_tablet=\u00bb40px\u00bb header_2_font_size_phone=\u00bb22px\u00bb header_2_font_size_last_edited=\u00bbon|phone\u00bb header_2_letter_spacing_last_edited=\u00bbon|phone\u00bb custom_margin=\u00bb||10px|\u00bb animation_style=\u00bbslide\u00bb animation_direction=\u00bbtop\u00bb animation_intensity_slide=\u00bb5%\u00bb locked=\u00bboff\u00bb]<\/p>\n<h2>Aromatizantes<\/h2>\n<p>[\/et_pb_text][\/et_pb_column][et_pb_column type=\u00bb1_2&#8243; _builder_version=\u00bb3.0.47&#8243; parallax=\u00bboff\u00bb parallax_method=\u00bbon\u00bb][et_pb_text _builder_version=\u00bb3.0.106&#8243; text_font=\u00bbQuattrocento||||||||\u00bb text_font_size=\u00bb18px\u00bb text_line_height=\u00bb2.2em\u00bb max_width=\u00bb700px\u00bb module_alignment=\u00bbcenter\u00bb custom_margin=\u00bb||40px|\u00bb animation_style=\u00bbfade\u00bb animation_direction=\u00bbleft\u00bb animation_starting_opacity=\u00bb100%\u00bb locked=\u00bboff\u00bb]<\/p>\n<p><span style=\"color: #000000;\"><strong>Aire Fresco<\/strong><\/span><\/p>\n<p><span style=\"color: #000000;\"><strong>Aqua<\/strong><\/span><\/p>\n<p><span style=\"color: #000000;\"><strong>Bergamota<\/strong><\/span><\/p>\n<p><span style=\"color: #000000;\"><strong>Brisa de Mar<\/strong><\/span><\/p>\n<p><span style=\"color: #000000;\"><strong>Canela<\/strong><\/span><\/p>\n<p><span style=\"color: #000000;\"><strong>Cherry Blossom<\/strong><\/span><\/p>\n<p><span style=\"color: #000000;\"><strong>Coco<\/strong><\/span><\/p>\n<p><span style=\"color: #000000;\"><strong>Durazno<\/strong><\/span><\/p>\n<p><span style=\"color: #000000;\"><strong>Eucalipto<\/strong><\/span><\/p>\n<p><span style=\"color: #000000;\"><strong>Floral<\/strong><\/span><\/p>\n<p><span style=\"color: #000000;\"><strong>Gardenia<\/strong><\/span><\/p>\n<p><span style=\"color: #000000;\"><strong>Geranio<\/strong><\/span><\/p>\n<p><span style=\"color: #000000;\"><strong>Jazm\u00edn<\/strong><\/span><\/p>\n<p><span style=\"color: #000000;\"><strong>Lavanda<\/strong><\/span><\/p>\n<p><span style=\"color: #000000;\"><strong>Lim\u00f3n<\/strong><\/span><\/p>\n<p><span style=\"color: #000000;\"><strong>Magnolia<\/strong><\/span><\/p>\n<p><span style=\"color: #000000;\"><strong>Manzana<\/strong><\/span><\/p>\n<p><span style=\"color: #000000;\"><strong>Manzana con Canela<\/strong><\/span><\/p>\n<p><span style=\"color: #000000;\"><strong>Manzanilla<\/strong><\/span><\/p>\n<p><span style=\"color: #000000;\"><strong>Menta<\/strong><\/span><\/p>\n<p><span style=\"color: #000000;\"><strong>Mezcla de C\u00edtricos<\/strong><\/span><\/p>\n<p><span style=\"color: #000000;\"><strong>Naranja<\/strong><\/span><\/p>\n<p><span style=\"color: #000000;\"><strong>Orquidea<\/strong><\/span><\/p>\n<p><span style=\"color: #000000;\"><strong>P\u00e9talos<\/strong><\/span><\/p>\n<p><span style=\"color: #000000;\"><strong>S\u00e1ndalo<\/strong><\/span><\/p>\n<p><span style=\"color: #000000;\"><strong>Sand\u00eda<\/strong><\/span><\/p>\n<p><span style=\"color: #000000;\"><strong>Violeta<\/strong><\/span><\/p>\n<p><span style=\"color: #000000;\"><strong>Entre otros\u2026<\/strong><\/span><\/p>\n<p>[\/et_pb_text][\/et_pb_column][\/et_pb_row][\/et_pb_section][et_pb_section fb_built=\u00bb1&#8243; _builder_version=\u00bb3.2.1&#8243; background_image=\u00bbhttps:\/\/www.coprisamexico.com\/web\/wp-content\/uploads\/2018\/04\/aromatizantesmiddle4ok.jpg\u00bb background_position=\u00bbtop_center\u00bb background_blend=\u00bbmultiply\u00bb custom_padding=\u00bb36%|0px|194px|0px\u00bb][et_pb_row _builder_version=\u00bb3.0.105&#8243;][et_pb_column type=\u00bb4_4&#8243; _builder_version=\u00bb3.0.47&#8243; parallax=\u00bboff\u00bb parallax_method=\u00bbon\u00bb][et_pb_social_media_follow url_new_window=\u00bboff\u00bb _builder_version=\u00bb3.0.106&#8243; text_orientation=\u00bbcenter\u00bb locked=\u00bboff\u00bb][et_pb_social_media_follow_network social_network=\u00bbfacebook\u00bb url=\u00bbhttps:\/\/www.facebook.com\/saborizantesyesencias\/\u00bb _builder_version=\u00bb3.0.106&#8243; background_color=\u00bbrgba(0,0,0,0.26)\u00bb border_radii=\u00bbon||||\u00bb custom_margin=\u00bb8px|8px|8px|8px\u00bb custom_margin_tablet=\u00bb8px|8px|8px|8px\u00bb custom_margin_phone=\u00bb8px|8px|8px|8px\u00bb custom_padding=\u00bb6px|6px|6px|6px\u00bb custom_padding_tablet=\u00bb6px|6px|6px|6px\u00bb custom_padding_phone=\u00bb6px|6px|6px|6px\u00bb follow_button=\u00bboff\u00bb url_new_window=\u00bboff\u00bb] facebook [\/et_pb_social_media_follow_network][et_pb_social_media_follow_network social_network=\u00bbtwitter\u00bb url=\u00bbhttps:\/\/twitter.com\/saboryesencia\u00bb _builder_version=\u00bb3.0.106&#8243; background_color=\u00bbrgba(0,0,0,0.26)\u00bb border_radii=\u00bbon||||\u00bb custom_margin=\u00bb8px|8px|8px|8px\u00bb custom_margin_tablet=\u00bb8px|8px|8px|8px\u00bb custom_margin_phone=\u00bb8px|8px|8px|8px\u00bb custom_padding=\u00bb6px|6px|6px|6px\u00bb custom_padding_tablet=\u00bb6px|6px|6px|6px\u00bb custom_padding_phone=\u00bb6px|6px|6px|6px\u00bb follow_button=\u00bboff\u00bb url_new_window=\u00bboff\u00bb] Twitter [\/et_pb_social_media_follow_network][\/et_pb_social_media_follow][\/et_pb_column][\/et_pb_row][\/et_pb_section]<\/p>\n","protected":false},"excerpt":{"rendered":"<p>Aromatizantes Aromatizantes Aire Fresco Aqua Bergamota Brisa de Mar Canela Cherry Blossom Coco Durazno Eucalipto Floral Gardenia Geranio Jazm\u00edn Lavanda Lim\u00f3n Magnolia Manzana Manzana con Canela Manzanilla Menta Mezcla de C\u00edtricos Naranja Orquidea P\u00e9talos S\u00e1ndalo Sand\u00eda Violeta Entre otros\u2026<\/p>\n","protected":false},"author":2,"featured_media":0,"parent":0,"menu_order":0,"comment_status":"closed","ping_status":"closed","template":"","meta":{"_et_pb_use_builder":"on","_et_pb_old_content":"","_et_gb_content_width":"","footnotes":""},"class_list":["post-474","page","type-page","status-publish","hentry"],"_links":{"self":[{"href":"https:\/\/www.coprisamexico.com\/web\/wp-json\/wp\/v2\/pages\/474","targetHints":{"allow":["GET"]}}],"collection":[{"href":"https:\/\/www.coprisamexico.com\/web\/wp-json\/wp\/v2\/pages"}],"about":[{"href":"https:\/\/www.coprisamexico.com\/web\/wp-json\/wp\/v2\/types\/page"}],"author":[{"embeddable":true,"href":"https:\/\/www.coprisamexico.com\/web\/wp-json\/wp\/v2\/users\/2"}],"replies":[{"embeddable":true,"href":"https:\/\/www.coprisamexico.com\/web\/wp-json\/wp\/v2\/comments?post=474"}],"version-history":[{"count":36,"href":"https:\/\/www.coprisamexico.com\/web\/wp-json\/wp\/v2\/pages\/474\/revisions"}],"predecessor-version":[{"id":1327,"href":"https:\/\/www.coprisamexico.com\/web\/wp-json\/wp\/v2\/pages\/474\/revisions\/1327"}],"wp:attachment":[{"href":"https:\/\/www.coprisamexico.com\/web\/wp-json\/wp\/v2\/media?parent=474"}],"curies":[{"name":"wp","href":"https:\/\/api.w.org\/{rel}","templated":true}]}}