{"id":91,"date":"2018-04-10T02:23:46","date_gmt":"2018-04-10T02:23:46","guid":{"rendered":"http:\/\/www.coprisamexico.com\/web\/?page_id=91"},"modified":"2018-10-08T16:27:10","modified_gmt":"2018-10-08T16:27:10","slug":"aviso-de-privacidad","status":"publish","type":"page","link":"https:\/\/www.coprisamexico.com\/web\/aviso-de-privacidad\/","title":{"rendered":"Aviso de Privacidad"},"content":{"rendered":"<p>[et_pb_section fb_built=\u00bb1&#8243; admin_label=\u00bbHero Section\u00bb _builder_version=\u00bb3.0.106&#8243; background_image=\u00bbhttps:\/\/www.coprisamexico.com\/web\/wp-content\/uploads\/2018\/05\/top_02.jpg\u00bb custom_margin=\u00bb|||\u00bb custom_padding=\u00bb11.8%||24%|\u00bb locked=\u00bboff\u00bb][et_pb_row _builder_version=\u00bb3.0.47&#8243; background_size=\u00bbinitial\u00bb background_position=\u00bbtop_left\u00bb background_repeat=\u00bbrepeat\u00bb][et_pb_column type=\u00bb4_4&#8243; _builder_version=\u00bb3.0.47&#8243; parallax=\u00bboff\u00bb parallax_method=\u00bbon\u00bb][et_pb_text admin_label=\u00bbTitle\u00bb _builder_version=\u00bb3.0.106&#8243; text_font=\u00bbQuattrocento||||||||\u00bb text_font_size=\u00bb22px\u00bb text_line_height=\u00bb2em\u00bb header_font=\u00bbQuattrocento|||on|||||\u00bb header_text_align=\u00bbcenter\u00bb header_font_size=\u00bb80px\u00bb header_font_size_tablet=\u00bb40px\u00bb header_font_size_last_edited=\u00bbon|tablet\u00bb header_letter_spacing=\u00bb6px\u00bb header_line_height=\u00bb1.4em\u00bb text_orientation=\u00bbcenter\u00bb background_layout=\u00bbdark\u00bb max_width=\u00bb800px\u00bb module_alignment=\u00bbcenter\u00bb animation_style=\u00bbslide\u00bb animation_direction=\u00bbtop\u00bb animation_intensity_slide=\u00bb3%\u00bb animation_starting_opacity=\u00bb100%\u00bb][\/et_pb_text][\/et_pb_column][\/et_pb_row][\/et_pb_section][et_pb_section fb_built=\u00bb1&#8243; admin_label=\u00bbAbout Us Section\u00bb _builder_version=\u00bb3.0.106&#8243; background_color_gradient_direction=\u00bb150deg\u00bb background_image=\u00bbhttps:\/\/www.coprisamexico.com\/web\/wp-content\/uploads\/2018\/04\/cinnamon.jpg\u00bb background_size=\u00bbinitial\u00bb background_position=\u00bbbottom_center\u00bb custom_padding=\u00bb53px||6.2%|\u00bb][et_pb_row custom_padding=\u00bb27px|0|27px|0px\u00bb _builder_version=\u00bb3.0.106&#8243;][et_pb_column type=\u00bb1_2&#8243; _builder_version=\u00bb3.0.47&#8243; parallax=\u00bboff\u00bb parallax_method=\u00bbon\u00bb][et_pb_text admin_label=\u00bbTitle\u00bb _builder_version=\u00bb3.2.1&#8243; header_font=\u00bbQuattrocento||||||||\u00bb header_line_height=\u00bb1.2em\u00bb header_2_font=\u00bbQuattrocento||||||||\u00bb header_2_font_size=\u00bb60px\u00bb header_2_font_size_tablet=\u00bb40px\u00bb header_2_font_size_phone=\u00bb40px\u00bb header_2_font_size_last_edited=\u00bbon|phone\u00bb header_2_line_height=\u00bb1.3em\u00bb header_3_font=\u00bb||||||||\u00bb max_width=\u00bb96%\u00bb custom_margin=\u00bb||10px|\u00bb animation_style=\u00bbslide\u00bb animation_direction=\u00bbtop\u00bb animation_intensity_slide=\u00bb5%\u00bb locked=\u00bboff\u00bb]<\/p>\n<h2>Conoce <g class=\"gr_ gr_3 gr-alert gr_spell gr_inline_cards gr_run_anim ContextualSpelling ins-del multiReplace\" id=\"3\" data-gr-id=\"3\">nuestro<\/g> aviso de <g class=\"gr_ gr_4 gr-alert gr_spell gr_inline_cards gr_run_anim ContextualSpelling ins-del multiReplace\" id=\"4\" data-gr-id=\"4\">privacidad<\/g><\/h2>\n<p>[\/et_pb_text][\/et_pb_column][et_pb_column type=\u00bb1_2&#8243; _builder_version=\u00bb3.0.47&#8243; parallax=\u00bboff\u00bb parallax_method=\u00bbon\u00bb][et_pb_text _builder_version=\u00bb3.2.1&#8243; text_font=\u00bbQuattrocento||||||||\u00bb text_font_size=\u00bb29px\u00bb text_line_height=\u00bb2.2em\u00bb header_font=\u00bb||||||||\u00bb header_font_size=\u00bb34px\u00bb header_2_font=\u00bb||||||||\u00bb header_2_text_align=\u00bbleft\u00bb header_2_font_size=\u00bb18px\u00bb header_3_font=\u00bb||||||||\u00bb header_3_font_size=\u00bb21px\u00bb header_4_font=\u00bbQuattrocento||||||||\u00bb header_4_text_align=\u00bbjustify\u00bb header_4_letter_spacing_phone=\u00bb0px\u00bb header_4_letter_spacing_last_edited=\u00bbon|desktop\u00bb header_4_line_height=\u00bb1.6em\u00bb header_4_line_height_phone=\u00bb2em\u00bb header_4_line_height_last_edited=\u00bbon|desktop\u00bb max_width=\u00bb700px\u00bb custom_margin=\u00bb||40px|\u00bb animation_style=\u00bbfade\u00bb animation_direction=\u00bbleft\u00bb animation_starting_opacity=\u00bb100%\u00bb locked=\u00bboff\u00bb]<\/p>\n<h4 style=\"text-align: left;\"><span style=\"color: rgba(22, 45, 0, 0.99);\"><strong>De conformidad en lo establecido en la Ley Federal de Protecci\u00f3n de Datos Personales en posesi\u00f3n de los particulares, Comercializadora y Promotora Internacional SA de CV pone a su disposici\u00f3n el siguiente aviso de privacidad:<\/strong><\/span><\/h4>\n<h4 style=\"text-align: left;\"><span style=\"color: rgba(22, 45, 0, 0.99);\"><strong>Comercializadora y Promotora Internacional SA de CV es responsable del uso y protecci\u00f3n de sus datos personales, en este sentido y atendiendo las obligaciones legales establecidas en la Ley Federal de Protecci\u00f3n de datos personales en posesi\u00f3n de los particulares a trav\u00e9s de \u00e9ste instrumento se informa a los titulares de los datos la informaci\u00f3n que de ellos se recaba y los fines que se le dar\u00e1n a dicha informaci\u00f3n.<\/strong><\/span><\/h4>\n<h4 style=\"text-align: left;\"><span style=\"color: rgba(22, 45, 0, 0.99);\"><strong>Adem\u00e1s de lo anterior, informamos a usted que Comercializadora y Promotora Internacional SA de CV tiene su domicilio ubicado en la Delegaci\u00f3n Tlalpan, C.P. 14140, Ciudad de M\u00e9xico.<\/strong><\/span><\/h4>\n<h4 style=\"text-align: left;\"><span style=\"color: rgba(22, 45, 0, 0.99);\"><strong>Los datos personales que recabamos de usted ser\u00e1n utilizados para las siguientes finalidades, las cuales son necesarias para concretar nuestra relaci\u00f3n con usted as\u00ed como atender los servicios y\/o pedidos que solicite:<\/strong><\/span><\/h4>\n<h4 style=\"text-align: left;\"><span style=\"color: rgba(22, 45, 0, 0.99);\"><strong>Levantar \u00f3rdenes de compra<\/strong><\/span><\/h4>\n<h4 style=\"text-align: left;\"><span style=\"color: rgba(22, 45, 0, 0.99);\"><strong>Procesar pedidos<\/strong><\/span><\/h4>\n<h4 style=\"text-align: left;\"><span style=\"color: rgba(22, 45, 0, 0.99);\"><strong>Dar seguimiento a pedidos<\/strong><\/span><\/h4>\n<h4 style=\"text-align: left;\"><span style=\"color: rgba(22, 45, 0, 0.99);\"><strong>Entregar los productos<\/strong><\/span><\/h4>\n<h4 style=\"text-align: left;\"><span style=\"color: rgba(22, 45, 0, 0.99);\"><strong>Dar avisos importantes sobre alg\u00fan tema relacionado con el servicio\u00a0o producto<\/strong><\/span><\/h4>\n<h4 style=\"text-align: left;\"><span style=\"color: rgba(22, 45, 0, 0.99);\"><strong>Proveer informaci\u00f3n sobre el estatus del producto<br \/><\/strong><\/span><\/h4>\n<h4 style=\"text-align: left;\"><span style=\"color: rgba(22, 45, 0, 0.99);\"><strong>Dar cumplimiento a obligaciones contra\u00eddas con usted<br \/><\/strong><\/span><\/h4>\n<h4 style=\"text-align: left;\"><span style=\"color: rgba(22, 45, 0, 0.99);\"><strong>Solicitud de datos financieros para facturaci\u00f3n y cobranza<\/strong><\/span><\/h4>\n<h4 style=\"text-align: left;\"><span style=\"color: rgba(22, 45, 0, 0.99);\"><strong>Para llevar a cabo las finalidades descritas, en el presente aviso de privacidad, utilizaremos los siguientes datos personales:<\/strong><\/span><\/h4>\n<h4 style=\"text-align: left;\"><span style=\"color: rgba(22, 45, 0, 0.99);\"><strong>Raz\u00f3n social, direcci\u00f3n, tel\u00e9fono, correo electr\u00f3nico, direcci\u00f3n de la bodega<\/strong><\/span><\/h4>\n<h4 style=\"text-align: left;\"><span style=\"color: rgba(22, 45, 0, 0.99);\"><strong>Por otra parte informamos a usted, que sus datos personales, no ser\u00e1n compartidos con ninguna autoridad, empresa, organizaci\u00f3n o persona distinta a nosotros y ser\u00e1n utilizados exclusivamente para los fines se\u00f1alados.<\/strong><\/span><\/h4>\n<h4 style=\"text-align: left;\"><span style=\"color: rgba(22, 45, 0, 0.99);\"><strong>Usted tiene en todo momento el derecho de conocer qu\u00e9 datos personales tenemos de usted, para qu\u00e9 los utilizamos y las condiciones de uso que les daremos. (Acceso). As\u00ed mismo es su derecho solicitar la correcci\u00f3n de su informaci\u00f3n personal\u00a0 en caso de que est\u00e9 desactualizada, sea inexacta o incompleta (Rectificaci\u00f3n); de igual manera tiene derecho a que su informaci\u00f3n se elimine de nuestros registros o bases de datos cuando considere que la misma no est\u00e1 siendo utilizada adecuadamente (Cancelaci\u00f3n); as\u00ed tambi\u00e9n como oponerse al uso de sus datos personales para fines espec\u00edficos. Estos derechos se conocen como derechos ARCO.<\/strong><\/span><\/h4>\n<h4 style=\"text-align: left;\"><span style=\"color: rgba(22, 45, 0, 0.99);\"><strong>Para el ejercicio de sus derechos ARCO, se deber\u00e1 presentar la solicitud respectiva a trav\u00e9s del correo electr\u00f3nico:<\/strong><\/span><\/h4>\n<h4 style=\"text-align: left;\"><span style=\"color: rgba(22, 45, 0, 0.99);\"><strong>coprisa@outlook.es<\/strong><\/span><\/h4>\n<h4 style=\"text-align: left;\"><span style=\"color: rgba(22, 45, 0, 0.99);\"><strong>Lo anterior tambi\u00e9n servir\u00e1 para conocer el procedimiento y requisitos para el ejercicio de los derechos de ARCO, no obstante, la solicitud de ejercicio de estos derechos debe contener la siguiente informaci\u00f3n:<\/strong><\/span><\/h4>\n<h4 style=\"text-align: left;\"><span style=\"color: rgba(22, 45, 0, 0.99);\"><strong>Nombre, tel\u00e9fono, motivo de la solicitud<\/strong><\/span><\/h4>\n<h4 style=\"text-align: left;\"><span style=\"color: rgba(22, 45, 0, 0.99);\"><strong>En todo caso la respuesta a la solicitud se dar\u00e1 en 10 d\u00edas h\u00e1biles.<\/strong><\/span><\/h4>\n<h4 style=\"text-align: left;\"><span style=\"color: rgba(22, 45, 0, 0.99);\"><strong>La persona que est\u00e1 a cargo de dar tr\u00e1mite a las solicitudes de derechos ARCO es el Representante Legal de Comercializadora y Promotora Internacional SA de CV<\/strong><\/span><\/h4>\n<h4 style=\"text-align: left;\"><span style=\"color: rgba(22, 45, 0, 0.99);\"><strong>En cualquier momento usted podr\u00e1 revocar el consentimiento del uso y tratamiento de sus datos personales.<\/strong><\/span><\/h4>\n<h4 style=\"text-align: left;\"><span style=\"color: rgba(22, 45, 0, 0.99);\"><strong>Para revocar el consentimiento que usted otorga en este acto o para limitar su divulgaci\u00f3n, se deber\u00e1 presentar la solicitud, respectiva a trav\u00e9s del siguiente correo:<\/strong><\/span><\/h4>\n<h4 style=\"text-align: left;\"><span style=\"color: rgba(22, 45, 0, 0.99);\"><strong>coprisa@outlook.es<\/strong><\/span><\/h4>\n<h4 style=\"text-align: left;\"><span style=\"color: rgba(22, 45, 0, 0.99);\"><strong>En cualquier caso, la respuesta se dar\u00e1 a conocer en 10 d\u00edas h\u00e1biles.<\/strong><\/span><\/h4>\n<p>[\/et_pb_text][\/et_pb_column][\/et_pb_row][\/et_pb_section][et_pb_section fb_built=\u00bb1&#8243; _builder_version=\u00bb3.0.106&#8243; background_image=\u00bbhttps:\/\/www.coprisamexico.com\/web\/wp-content\/uploads\/2018\/05\/anis.png\u00bb background_position=\u00bbbottom_center\u00bb custom_padding=\u00bb12.8%|0px|175px|0px\u00bb][et_pb_row _builder_version=\u00bb3.0.105&#8243;][et_pb_column type=\u00bb4_4&#8243; _builder_version=\u00bb3.0.47&#8243; parallax=\u00bboff\u00bb parallax_method=\u00bbon\u00bb][et_pb_social_media_follow url_new_window=\u00bboff\u00bb _builder_version=\u00bb3.0.106&#8243; text_orientation=\u00bbcenter\u00bb locked=\u00bboff\u00bb][et_pb_social_media_follow_network social_network=\u00bbfacebook\u00bb _builder_version=\u00bb3.0.106&#8243; background_color=\u00bbrgba(0,0,0,0.26)\u00bb border_radii=\u00bbon||||\u00bb custom_margin=\u00bb8px|8px|8px|8px\u00bb custom_padding=\u00bb6px|6px|6px|6px\u00bb follow_button=\u00bboff\u00bb url_new_window=\u00bboff\u00bb] facebook [\/et_pb_social_media_follow_network][\/et_pb_social_media_follow][\/et_pb_column][\/et_pb_row][\/et_pb_section]<\/p>\n","protected":false},"excerpt":{"rendered":"<p>Conoce nuestro aviso de privacidadDe conformidad en lo establecido en la Ley Federal de Protecci\u00f3n de Datos Personales en posesi\u00f3n de los particulares, Comercializadora y Promotora Internacional SA de CV pone a su disposici\u00f3n el siguiente aviso de privacidad: Comercializadora y Promotora Internacional SA de CV es responsable del uso y protecci\u00f3n de sus datos [&hellip;]<\/p>\n","protected":false},"author":2,"featured_media":0,"parent":0,"menu_order":0,"comment_status":"closed","ping_status":"closed","template":"","meta":{"_et_pb_use_builder":"on","_et_pb_old_content":"","_et_gb_content_width":"","footnotes":""},"class_list":["post-91","page","type-page","status-publish","hentry"],"_links":{"self":[{"href":"https:\/\/www.coprisamexico.com\/web\/wp-json\/wp\/v2\/pages\/91","targetHints":{"allow":["GET"]}}],"collection":[{"href":"https:\/\/www.coprisamexico.com\/web\/wp-json\/wp\/v2\/pages"}],"about":[{"href":"https:\/\/www.coprisamexico.com\/web\/wp-json\/wp\/v2\/types\/page"}],"author":[{"embeddable":true,"href":"https:\/\/www.coprisamexico.com\/web\/wp-json\/wp\/v2\/users\/2"}],"replies":[{"embeddable":true,"href":"https:\/\/www.coprisamexico.com\/web\/wp-json\/wp\/v2\/comments?post=91"}],"version-history":[{"count":26,"href":"https:\/\/www.coprisamexico.com\/web\/wp-json\/wp\/v2\/pages\/91\/revisions"}],"predecessor-version":[{"id":1305,"href":"https:\/\/www.coprisamexico.com\/web\/wp-json\/wp\/v2\/pages\/91\/revisions\/1305"}],"wp:attachment":[{"href":"https:\/\/www.coprisamexico.com\/web\/wp-json\/wp\/v2\/media?parent=91"}],"curies":[{"name":"wp","href":"https:\/\/api.w.org\/{rel}","templated":true}]}}